{"id":106,"date":"2019-02-05T22:10:30","date_gmt":"2019-02-06T03:10:30","guid":{"rendered":"https:\/\/lavigueurcpa.com\/?page_id=106"},"modified":"2026-02-10T22:11:51","modified_gmt":"2026-02-11T03:11:51","slug":"qui-sommes-nous","status":"publish","type":"page","link":"https:\/\/lavigueurcpa.com\/?page_id=106","title":{"rendered":"Qui sommes nous"},"content":{"rendered":"\n<p>Lavigueur CPA inc. est un service professionnel en affaires depuis plus de 30 ans.<\/p>\n\n\n\n<p>Linda Lavigueur, CPA est l&rsquo;associ\u00e9e principale du cabinet comptable.<\/p>\n\n\n\n<p>Depuis la Covid-19 nous avons mis en place certaines mesures :<\/p>\n\n\n\n<ul class=\"wp-block-list\">\n<li>D\u00e9sinfection des mains en entrant dans le bureau.<\/li>\n\n\n\n<li>La r\u00e8gle du   <b><i>Premier arriv\u00e9, Premier servi<\/i><\/b>  s&rsquo;applique.<\/li>\n\n\n\n<li><strong>IMM\u00c9DIATEMENT<\/strong> les clients peuvent nous apporter leurs documents aux fins de leur d\u00e9claration de revenus des particuliers 2025 durant les heures d&rsquo;affaires , par la poste ou en d\u00e9posant une enveloppe identifi\u00e9e dans la boite en m\u00e9tal sous cl\u00e9 pr\u00e9vue \u00e0 cet effet au coin gauche de l&rsquo;immeuble disponible 24\/24 heures et 7\/7 jours .<\/li>\n\n\n\n<li>Remises et signatures des imp\u00f4ts 2025 sur RDV c\u00e9dul\u00e9 des clients.<\/li>\n<\/ul>\n\n\n\n<p><\/p>\n\n\n\n<p><\/p>\n","protected":false},"excerpt":{"rendered":"<p>Lavigueur CPA inc. est un service professionnel en affaires depuis plus de 30 ans. Linda Lavigueur, CPA est l&rsquo;associ\u00e9e principale du cabinet comptable. Depuis la Covid-19 nous avons mis en place certaines mesures :<\/p>\n","protected":false},"author":1,"featured_media":0,"parent":0,"menu_order":1,"comment_status":"closed","ping_status":"closed","template":"","meta":{"footnotes":""},"class_list":["post-106","page","type-page","status-publish","hentry"],"_links":{"self":[{"href":"https:\/\/lavigueurcpa.com\/index.php?rest_route=\/wp\/v2\/pages\/106","targetHints":{"allow":["GET"]}}],"collection":[{"href":"https:\/\/lavigueurcpa.com\/index.php?rest_route=\/wp\/v2\/pages"}],"about":[{"href":"https:\/\/lavigueurcpa.com\/index.php?rest_route=\/wp\/v2\/types\/page"}],"author":[{"embeddable":true,"href":"https:\/\/lavigueurcpa.com\/index.php?rest_route=\/wp\/v2\/users\/1"}],"replies":[{"embeddable":true,"href":"https:\/\/lavigueurcpa.com\/index.php?rest_route=%2Fwp%2Fv2%2Fcomments&post=106"}],"version-history":[{"count":25,"href":"https:\/\/lavigueurcpa.com\/index.php?rest_route=\/wp\/v2\/pages\/106\/revisions"}],"predecessor-version":[{"id":379,"href":"https:\/\/lavigueurcpa.com\/index.php?rest_route=\/wp\/v2\/pages\/106\/revisions\/379"}],"wp:attachment":[{"href":"https:\/\/lavigueurcpa.com\/index.php?rest_route=%2Fwp%2Fv2%2Fmedia&parent=106"}],"curies":[{"name":"wp","href":"https:\/\/api.w.org\/{rel}","templated":true}]}}