{"id":82,"date":"2019-02-05T21:38:45","date_gmt":"2019-02-06T02:38:45","guid":{"rendered":"https:\/\/lavigueurcpa.com\/?page_id=82"},"modified":"2026-02-10T21:46:17","modified_gmt":"2026-02-11T02:46:17","slug":"tenue-de-livre","status":"publish","type":"page","link":"https:\/\/lavigueurcpa.com\/?page_id=82","title":{"rendered":"Tenue de livres"},"content":{"rendered":"\n<ul class=\"wp-block-list\">\n<li>Mettre \u00e0 jour les journaux comptables, conciliations de comptes, rapports TPS et TVQ,  \u00e9critures comptables<\/li>\n\n\n\n<li>Calculer les co\u00fbts de production par projets selon besoins<\/li>\n\n\n\n<li>Pr\u00e9parer les factures clients, encaissements et relev\u00e9s de comptes mensuels<\/li>\n\n\n\n<li>Comptabilier les factures fournisseurs, paiements et suivi des factures<\/li>\n\n\n\n<li>Pr\u00e9parer les \u00e9critures de fin d\u2019exercice<\/li>\n\n\n\n<li>Collaborer \u00e0 la constitution du budget<\/li>\n\n\n\n<li>Produire les d\u00e9clarations de revenus de soci\u00e9t\u00e9s T2\/CO-17 et entreprises individuelles T1\/TP1<\/li>\n\n\n\n<li>R\u00e9aliser des rapports sur les finances de l\u2019entreprise<\/li>\n\n\n\n<li>G\u00e9rer toute la paie selon le secteur d&rsquo;activit\u00e9 de la soci\u00e9t\u00e9 ou l&rsquo;entreprise individuelle tel que CCQ, paie r\u00e9guli\u00e8re&#8230;<\/li>\n\n\n\n<li>G\u00e9rer les paiements et remises gouvernementaux <\/li>\n\n\n\n<li>Effectuer les rapprochements bancaires <\/li>\n\n\n\n<li>Pr\u00e9parer les feuillets fiscaux T4\/R1, T5\/R3, T4A, T5018 &#8230;<\/li>\n\n\n\n<li>Repr\u00e9senter les clients et n\u00e9gocier pour les clients aupr\u00e8s des 2 gouvernements selon les besoins<\/li>\n<\/ul>\n","protected":false},"excerpt":{"rendered":"","protected":false},"author":1,"featured_media":0,"parent":0,"menu_order":2,"comment_status":"closed","ping_status":"closed","template":"","meta":{"footnotes":""},"class_list":["post-82","page","type-page","status-publish","hentry"],"_links":{"self":[{"href":"https:\/\/lavigueurcpa.com\/index.php?rest_route=\/wp\/v2\/pages\/82","targetHints":{"allow":["GET"]}}],"collection":[{"href":"https:\/\/lavigueurcpa.com\/index.php?rest_route=\/wp\/v2\/pages"}],"about":[{"href":"https:\/\/lavigueurcpa.com\/index.php?rest_route=\/wp\/v2\/types\/page"}],"author":[{"embeddable":true,"href":"https:\/\/lavigueurcpa.com\/index.php?rest_route=\/wp\/v2\/users\/1"}],"replies":[{"embeddable":true,"href":"https:\/\/lavigueurcpa.com\/index.php?rest_route=%2Fwp%2Fv2%2Fcomments&post=82"}],"version-history":[{"count":10,"href":"https:\/\/lavigueurcpa.com\/index.php?rest_route=\/wp\/v2\/pages\/82\/revisions"}],"predecessor-version":[{"id":369,"href":"https:\/\/lavigueurcpa.com\/index.php?rest_route=\/wp\/v2\/pages\/82\/revisions\/369"}],"wp:attachment":[{"href":"https:\/\/lavigueurcpa.com\/index.php?rest_route=%2Fwp%2Fv2%2Fmedia&parent=82"}],"curies":[{"name":"wp","href":"https:\/\/api.w.org\/{rel}","templated":true}]}}