{"id":84,"date":"2019-02-05T21:41:56","date_gmt":"2019-02-06T02:41:56","guid":{"rendered":"https:\/\/lavigueurcpa.com\/?page_id=84"},"modified":"2026-02-10T21:47:54","modified_gmt":"2026-02-11T02:47:54","slug":"etats-financiers","status":"publish","type":"page","link":"https:\/\/lavigueurcpa.com\/?page_id=84","title":{"rendered":"\u00c9tats financiers"},"content":{"rendered":"\n<p>Les <strong>informations financi\u00e8res<\/strong> sont une repr\u00e9sentation structur\u00e9e des \u00e9v\u00e9nements affectant une entreprise (ou une organisation), et des transactions r\u00e9alis\u00e9es par celle-ci. Leur objectif est de fournir des informations sur la situation financi\u00e8re, la performance, et les flux de tr\u00e9sorerie d&rsquo;une entreprise, ces informations \u00e9tant utiles \u00e0 une gamme vari\u00e9e d&rsquo;utilisateurs lors de leur prise de d\u00e9cisions \u00e9conomiques. Les informations financi\u00e8res servent ainsi \u00e0 comparer dans le temps la performance d&rsquo;une entreprise par rapport \u00e0 ses performances pass\u00e9es, mais aussi par rapport \u00e0 d&rsquo;autres entreprises. <\/p>\n\n\n\n<ul class=\"wp-block-list\">\n<li>Mission de compilation<\/li>\n\n\n\n<li>Produire les d\u00e9clarations de revenus de soci\u00e9t\u00e9s&nbsp;(T2 &amp; CO-17)<\/li>\n\n\n\n<li>Produire \u00e9tats financiers internes des entreprises<\/li>\n<\/ul>\n\n\n\n<p><\/p>\n","protected":false},"excerpt":{"rendered":"<p>Les informations financi\u00e8res sont une repr\u00e9sentation structur\u00e9e des \u00e9v\u00e9nements affectant une entreprise (ou une organisation), et des transactions r\u00e9alis\u00e9es par celle-ci. Leur objectif est de fournir des informations sur la situation financi\u00e8re, la performance, et les flux de tr\u00e9sorerie d&rsquo;une entreprise, ces informations \u00e9tant utiles \u00e0 une gamme vari\u00e9e d&rsquo;utilisateurs lors de leur prise de [&hellip;]<\/p>\n","protected":false},"author":1,"featured_media":0,"parent":0,"menu_order":3,"comment_status":"closed","ping_status":"closed","template":"","meta":{"footnotes":""},"class_list":["post-84","page","type-page","status-publish","hentry"],"_links":{"self":[{"href":"https:\/\/lavigueurcpa.com\/index.php?rest_route=\/wp\/v2\/pages\/84","targetHints":{"allow":["GET"]}}],"collection":[{"href":"https:\/\/lavigueurcpa.com\/index.php?rest_route=\/wp\/v2\/pages"}],"about":[{"href":"https:\/\/lavigueurcpa.com\/index.php?rest_route=\/wp\/v2\/types\/page"}],"author":[{"embeddable":true,"href":"https:\/\/lavigueurcpa.com\/index.php?rest_route=\/wp\/v2\/users\/1"}],"replies":[{"embeddable":true,"href":"https:\/\/lavigueurcpa.com\/index.php?rest_route=%2Fwp%2Fv2%2Fcomments&post=84"}],"version-history":[{"count":8,"href":"https:\/\/lavigueurcpa.com\/index.php?rest_route=\/wp\/v2\/pages\/84\/revisions"}],"predecessor-version":[{"id":370,"href":"https:\/\/lavigueurcpa.com\/index.php?rest_route=\/wp\/v2\/pages\/84\/revisions\/370"}],"wp:attachment":[{"href":"https:\/\/lavigueurcpa.com\/index.php?rest_route=%2Fwp%2Fv2%2Fmedia&parent=84"}],"curies":[{"name":"wp","href":"https:\/\/api.w.org\/{rel}","templated":true}]}}