{"id":86,"date":"2019-02-05T21:46:55","date_gmt":"2019-02-06T02:46:55","guid":{"rendered":"https:\/\/lavigueurcpa.com\/?page_id=86"},"modified":"2026-02-24T13:56:05","modified_gmt":"2026-02-24T18:56:05","slug":"declarations-de-revenus","status":"publish","type":"page","link":"https:\/\/lavigueurcpa.com\/?page_id=86","title":{"rendered":"D\u00e9clarations de revenus"},"content":{"rendered":"\n<p>Vous devez fournir tous les renseignements n\u00e9cessaires concernant vos revenus, d\u00e9ductions et cr\u00e9dits afin de calculer et de verser votre part d&rsquo;imp\u00f4t.  En fournissant des renseignements inexacts ou incomplets, vous vous exposez \u00e0 des p\u00e9nalit\u00e9s et vous \u00eates passible de poursuites p\u00e9nales.<\/p>\n\n\n\n<p>Si vous omettez de d\u00e9clarer un revenu et que vous avez d\u00e9j\u00e0 omis de d\u00e9clarer des revenus de m\u00eame nature au cours de l&rsquo;une des trois derni\u00e8res ann\u00e9es, vous vous exposez \u00e0 une p\u00e9nalit\u00e9 sur les revenus non d\u00e9clar\u00e9s. Vous pouvez faire une divulgation volontaire pour r\u00e9gulariser votre situation.<\/p>\n\n\n\n<p class=\"has-medium-font-size\"><strong>Questionnaire IMPOTS 2025 \u00e0 t\u00e9l\u00e9charger et \u00e0 compl\u00e9ter pour le joindre avec tous vos documents 2025 pour apporter \u00e0 notre bureau.<\/strong><\/p>\n\n\n\n<div data-wp-interactive=\"core\/file\" class=\"wp-block-file\"><object data-wp-bind--hidden=\"!state.hasPdfPreview\" hidden class=\"wp-block-file__embed\" data=\"https:\/\/lavigueurcpa.com\/wp-content\/uploads\/2026\/02\/Fiche-impot-2025-V2-2.pdf\" type=\"application\/pdf\" style=\"width:100%;height:600px\" aria-label=\"Contenu embarqu\u00e9 Fiche impot 2025 V2.\"><\/object><a id=\"wp-block-file--media-93bae1fe-cd02-4ef4-ab62-2452cf0f2ec2\" href=\"https:\/\/lavigueurcpa.com\/wp-content\/uploads\/2026\/02\/Fiche-impot-2025-V2-2.pdf\">Fiche impot 2025 V2<\/a><a href=\"https:\/\/lavigueurcpa.com\/wp-content\/uploads\/2026\/02\/Fiche-impot-2025-V2-2.pdf\" class=\"wp-block-file__button wp-element-button\" download aria-describedby=\"wp-block-file--media-93bae1fe-cd02-4ef4-ab62-2452cf0f2ec2\">T\u00e9l\u00e9charger<\/a><\/div>\n\n\n\n<p>La date limite pour apporter tous vos documents d&rsquo;imp\u00f4ts 2025 pour traitement avant le 30 avril 2026 est le 7 avril 2026.   <em>Sujet \u00e0 changement sans pr\u00e9avis.<\/em><\/p>\n\n\n\n<p>La date limite de production des d\u00e9clarations fiscales pour particuliers est jusqu&rsquo;au 30 avril 2026, aucune p\u00e9nalit\u00e9 et int\u00e9r\u00eats <strong>si vos acomptes provisionnels ou votre solde d&rsquo;imp\u00f4ts ont \u00e9t\u00e9 pay\u00e9s en entier au plus tard le 30 avril 2026.<\/strong><\/p>\n\n\n\n<p>La date limite de production des d\u00e9clarations fiscales pour les travailleurs autonomes est jusqu&rsquo;au 15 juin 2026, aucune p\u00e9nalit\u00e9 et int\u00e9r\u00eats <strong>si vos acomptes provisionnels ou votre solde d&rsquo;imp\u00f4ts ont \u00e9t\u00e9 pay\u00e9s en entier au plus tard le 30 avril 2026.<\/strong><\/p>\n\n\n\n<p>Dans tous les cas, si vous aviez l&rsquo;obligation de verser des acomptes provisionnels trimestriels pour l&rsquo;ann\u00e9e d&rsquo;imposition 2025 pour les 2 gouvernements, des p\u00e9nalit\u00e9s et int\u00e9r\u00eats seront factur\u00e9s si vos acomptes exig\u00e9s n&rsquo;ont pas \u00e9t\u00e9 faits aux dates requises 15 mars 2025, 15 juin 2025 , 15 septembre 2025 et 15 d\u00e9cembre de 2025.<\/p>\n\n\n\n<p>La date limite pour vous acquittez votre solde d&rsquo;imp\u00f4ts \u00e0 payer est le 30 avril 2026 pour le gouvernement du Qu\u00e9bec.<\/p>\n\n\n\n<p>La date limite pour vous acquittez votre solde d&rsquo;imp\u00f4ts \u00e0 payer est le 30 avril 2026 pour le gouvernement du F\u00e9d\u00e9ral.<\/p>\n\n\n\n<h2 class=\"wp-block-heading has-medium-font-size\"><strong>Formulaires ant\u00e9rieurs disponibles ci-dessous<\/strong>:<\/h2>\n\n\n\n<div class=\"wp-block-file\"><a id=\"wp-block-file--media-8b354d5f-7124-4369-b612-cb87166238bb\" href=\"https:\/\/lavigueurcpa.com\/wp-content\/uploads\/2025\/02\/Fiche-impot-2024-V2.pdf\">Fiche impot 2024 V2<\/a><a href=\"https:\/\/lavigueurcpa.com\/wp-content\/uploads\/2025\/02\/Fiche-impot-2024-V2.pdf\" class=\"wp-block-file__button wp-element-button\" download aria-describedby=\"wp-block-file--media-8b354d5f-7124-4369-b612-cb87166238bb\">T\u00e9l\u00e9charger<\/a><\/div>\n\n\n\n<div class=\"wp-block-file\"><a id=\"wp-block-file--media-cbdadea9-b795-45e6-975a-43a8ffde4c09\" href=\"https:\/\/lavigueurcpa.com\/wp-content\/uploads\/2024\/02\/Fiche-impot-2023-V1-2.pdf\">Fiche-impot-2023-V1-2<\/a><a href=\"https:\/\/lavigueurcpa.com\/wp-content\/uploads\/2024\/02\/Fiche-impot-2023-V1-2.pdf\" class=\"wp-block-file__button wp-element-button\" download aria-describedby=\"wp-block-file--media-cbdadea9-b795-45e6-975a-43a8ffde4c09\">T\u00e9l\u00e9charger<\/a><\/div>\n\n\n<h5><a href=\"https:\/\/lavigueurcpa.com\/wp-content\/uploads\/2023\/02\/Fiche-impot-2022-V1.pdf\">Fiche-impot-2022-V1<\/a><\/h5>\n\n\n<div class=\"wp-block-group\"><div class=\"wp-block-group__inner-container is-layout-flow wp-block-group-is-layout-flow\">\n<p><a href=\"https:\/\/lavigueurcpa.com\/wp-content\/uploads\/2022\/02\/Fiche-impot-2021-V1.pdf\">Fiche impot 2021 V1<\/a><\/p>\n\n\n\n<p><a href=\"https:\/\/lavigueurcpa.com\/wp-content\/uploads\/2021\/03\/Fiche-impot-2020-V1.pdf\">Fiche impot 2020 V1<\/a><\/p>\n\n\n\n<p><a href=\"https:\/\/lavigueurcpa.com\/wp-content\/uploads\/2020\/03\/Fiche-impot-2019-V1.pdf\">Fiche impot 2019 V1<\/a><\/p>\n\n\n\n<p><a href=\"https:\/\/lavigueurcpa.com\/wp-content\/uploads\/2019\/03\/Fiche-renseignements-2018-V1.pdf\">Fiche renseignements 2018 V1<\/a><\/p>\n<\/div><\/div>\n\n\n\n<p><\/p>\n","protected":false},"excerpt":{"rendered":"<p>Vous devez fournir tous les renseignements n\u00e9cessaires concernant vos revenus, d\u00e9ductions et cr\u00e9dits afin de calculer et de verser votre part d&rsquo;imp\u00f4t. En fournissant des renseignements inexacts ou incomplets, vous vous exposez \u00e0 des p\u00e9nalit\u00e9s et vous \u00eates passible de poursuites p\u00e9nales. Si vous omettez de d\u00e9clarer un revenu et que vous avez d\u00e9j\u00e0 omis [&hellip;]<\/p>\n","protected":false},"author":1,"featured_media":0,"parent":0,"menu_order":4,"comment_status":"closed","ping_status":"closed","template":"","meta":{"footnotes":""},"class_list":["post-86","page","type-page","status-publish","hentry"],"_links":{"self":[{"href":"https:\/\/lavigueurcpa.com\/index.php?rest_route=\/wp\/v2\/pages\/86","targetHints":{"allow":["GET"]}}],"collection":[{"href":"https:\/\/lavigueurcpa.com\/index.php?rest_route=\/wp\/v2\/pages"}],"about":[{"href":"https:\/\/lavigueurcpa.com\/index.php?rest_route=\/wp\/v2\/types\/page"}],"author":[{"embeddable":true,"href":"https:\/\/lavigueurcpa.com\/index.php?rest_route=\/wp\/v2\/users\/1"}],"replies":[{"embeddable":true,"href":"https:\/\/lavigueurcpa.com\/index.php?rest_route=%2Fwp%2Fv2%2Fcomments&post=86"}],"version-history":[{"count":56,"href":"https:\/\/lavigueurcpa.com\/index.php?rest_route=\/wp\/v2\/pages\/86\/revisions"}],"predecessor-version":[{"id":397,"href":"https:\/\/lavigueurcpa.com\/index.php?rest_route=\/wp\/v2\/pages\/86\/revisions\/397"}],"wp:attachment":[{"href":"https:\/\/lavigueurcpa.com\/index.php?rest_route=%2Fwp%2Fv2%2Fmedia&parent=86"}],"curies":[{"name":"wp","href":"https:\/\/api.w.org\/{rel}","templated":true}]}}